{"id":825,"date":"2024-07-09T19:14:03","date_gmt":"2024-07-09T17:14:03","guid":{"rendered":"https:\/\/www.icpgroup.cz\/o-nas\/"},"modified":"2025-02-26T10:30:43","modified_gmt":"2025-02-26T09:30:43","slug":"about-us","status":"publish","type":"page","link":"https:\/\/www.icpgroup.cz\/en\/about-us\/","title":{"rendered":"O n\u00e1s"},"content":{"rendered":"\n<div class=\"team\">\n<div class=\"team__section\"><\/div>\n<\/div>\n\n\n\n<div class=\"hero\">\n<div class=\"hero__section\">\n<h1 class=\"wp-block-heading\">We will guide you through the world of investments to achieve the best returns.<\/h1>\n<\/div>\n<\/div>\n\n\n\n<div class=\"prologue\">\n<div class=\"prologue__section\">\n<p>We specialize in identifying residential and commercial properties in the Czech Republic and Florida for both local and international investors. In addition to investing in real estate ourselves, we actively manage each property to enhance its value and improve its location. ICP Group founder Ond\u0159ej David has been involved in real estate since 1998, investing in and sourcing promising projects for friends and clients alike. Since Marek Klaus joined the group in 2015, ICP has shifted its focus almost exclusively to real estate and development projects. The group further expanded its portfolio geographically and in scale with its entry into the U.S. real estate market in 2018.<\/p>\n\n\n\n<a href=\"#\" class=\"btn btn--inline is-left\"><\/a>\n<\/div>\n<\/div>\n\n\n\n<div class=\"team\">\n<div class=\"team__section\">\n<div class=\"team__header\">\n<h2 class=\"wp-block-heading\">OUR TEAM<\/h2>\n<\/div>\n\n\n<div class=\"team__list\"><div class=\"team__item\"><a href=\"https:\/\/www.icpgroup.cz\/en\/osoba\/ondrej-david\/\" class=\"team__box\"><div class=\"team__fig\"><img loading=\"lazy\" decoding=\"async\" width=\"1709\" height=\"2560\" src=\"https:\/\/www.icpgroup.cz\/wp-content\/uploads\/2024\/12\/Ondrej-David_DSC_2769a1-scaled.jpg\" class=\"attachment-full size-full wp-post-image\" alt=\"Ondr\u030cej David\" srcset=\"https:\/\/www.icpgroup.cz\/wp-content\/uploads\/2024\/12\/Ondrej-David_DSC_2769a1-scaled.jpg 1709w, https:\/\/www.icpgroup.cz\/wp-content\/uploads\/2024\/12\/Ondrej-David_DSC_2769a1-200x300.jpg 200w, https:\/\/www.icpgroup.cz\/wp-content\/uploads\/2024\/12\/Ondrej-David_DSC_2769a1-683x1024.jpg 683w, https:\/\/www.icpgroup.cz\/wp-content\/uploads\/2024\/12\/Ondrej-David_DSC_2769a1-768x1151.jpg 768w, https:\/\/www.icpgroup.cz\/wp-content\/uploads\/2024\/12\/Ondrej-David_DSC_2769a1-1025x1536.jpg 1025w, https:\/\/www.icpgroup.cz\/wp-content\/uploads\/2024\/12\/Ondrej-David_DSC_2769a1-1367x2048.jpg 1367w\" sizes=\"auto, (max-width: 1709px) 100vw, 1709px\" \/><\/div><div class=\"team__txt\"><h3>Ond\u0159ej David<\/h3><p>CEO<span class=\"team__divider\"><\/span>Founder<\/p><\/div><\/a><\/div><div class=\"team__item\"><a href=\"https:\/\/www.icpgroup.cz\/en\/osoba\/marek-klaus\/\" class=\"team__box\"><div class=\"team__fig\"><img loading=\"lazy\" decoding=\"async\" width=\"1708\" height=\"2560\" src=\"https:\/\/www.icpgroup.cz\/wp-content\/uploads\/2024\/12\/Marek-Klaus_MTF_1537-scaled.jpg\" class=\"attachment-full size-full wp-post-image\" alt=\"\" srcset=\"https:\/\/www.icpgroup.cz\/wp-content\/uploads\/2024\/12\/Marek-Klaus_MTF_1537-scaled.jpg 1708w, https:\/\/www.icpgroup.cz\/wp-content\/uploads\/2024\/12\/Marek-Klaus_MTF_1537-200x300.jpg 200w, https:\/\/www.icpgroup.cz\/wp-content\/uploads\/2024\/12\/Marek-Klaus_MTF_1537-683x1024.jpg 683w, https:\/\/www.icpgroup.cz\/wp-content\/uploads\/2024\/12\/Marek-Klaus_MTF_1537-768x1151.jpg 768w, https:\/\/www.icpgroup.cz\/wp-content\/uploads\/2024\/12\/Marek-Klaus_MTF_1537-1025x1536.jpg 1025w, https:\/\/www.icpgroup.cz\/wp-content\/uploads\/2024\/12\/Marek-Klaus_MTF_1537-1367x2048.jpg 1367w\" sizes=\"auto, (max-width: 1708px) 100vw, 1708px\" \/><\/div><div class=\"team__txt\"><h3>Marek Klaus<\/h3><p>Partner<span class=\"team__divider\"><\/span>Deputy CEO<\/p><\/div><\/a><\/div><div class=\"team__item\"><a href=\"https:\/\/www.icpgroup.cz\/en\/osoba\/vladimira-knoblochova\/\" class=\"team__box\"><div class=\"team__fig\"><img loading=\"lazy\" decoding=\"async\" width=\"1080\" height=\"1620\" src=\"https:\/\/www.icpgroup.cz\/wp-content\/uploads\/2024\/12\/Vladka-Knoblochova.jpg\" class=\"attachment-full size-full wp-post-image\" alt=\"\" srcset=\"https:\/\/www.icpgroup.cz\/wp-content\/uploads\/2024\/12\/Vladka-Knoblochova.jpg 1080w, https:\/\/www.icpgroup.cz\/wp-content\/uploads\/2024\/12\/Vladka-Knoblochova-200x300.jpg 200w, https:\/\/www.icpgroup.cz\/wp-content\/uploads\/2024\/12\/Vladka-Knoblochova-683x1024.jpg 683w, https:\/\/www.icpgroup.cz\/wp-content\/uploads\/2024\/12\/Vladka-Knoblochova-768x1152.jpg 768w, https:\/\/www.icpgroup.cz\/wp-content\/uploads\/2024\/12\/Vladka-Knoblochova-1024x1536.jpg 1024w\" sizes=\"auto, (max-width: 1080px) 100vw, 1080px\" \/><\/div><div class=\"team__txt\"><h3>Vladim\u00edra Knoblochov\u00e1<\/h3><p>CLO<\/p><\/div><\/a><\/div><\/div>\n<\/div>\n<\/div>\n\n\n\n<div class=\"team\">\n<div class=\"team__section\">\n<div class=\"team__header\">\n<h2 class=\"wp-block-heading\">INVESTMENTS &amp; DEVELOPMENT<\/h2>\n<\/div>\n\n\n<div class=\"team__list\"><div class=\"team__item\"><a href=\"https:\/\/www.icpgroup.cz\/en\/osoba\/daniel-vopat\/\" class=\"team__box\"><div class=\"team__fig\"><img loading=\"lazy\" decoding=\"async\" width=\"1709\" height=\"2560\" src=\"https:\/\/www.icpgroup.cz\/wp-content\/uploads\/2024\/12\/Dan-Vopat_MTF_1437-scaled.jpg\" class=\"attachment-full size-full wp-post-image\" alt=\"\" srcset=\"https:\/\/www.icpgroup.cz\/wp-content\/uploads\/2024\/12\/Dan-Vopat_MTF_1437-scaled.jpg 1709w, https:\/\/www.icpgroup.cz\/wp-content\/uploads\/2024\/12\/Dan-Vopat_MTF_1437-200x300.jpg 200w, https:\/\/www.icpgroup.cz\/wp-content\/uploads\/2024\/12\/Dan-Vopat_MTF_1437-683x1024.jpg 683w, https:\/\/www.icpgroup.cz\/wp-content\/uploads\/2024\/12\/Dan-Vopat_MTF_1437-768x1151.jpg 768w, https:\/\/www.icpgroup.cz\/wp-content\/uploads\/2024\/12\/Dan-Vopat_MTF_1437-1025x1536.jpg 1025w, https:\/\/www.icpgroup.cz\/wp-content\/uploads\/2024\/12\/Dan-Vopat_MTF_1437-1367x2048.jpg 1367w\" sizes=\"auto, (max-width: 1709px) 100vw, 1709px\" \/><\/div><div class=\"team__txt\"><h3>Daniel Vopat<\/h3><p>Investment Manager<\/p><\/div><\/a><\/div><div class=\"team__item\"><a href=\"https:\/\/www.icpgroup.cz\/en\/osoba\/petr-mac\/\" class=\"team__box\"><div class=\"team__fig\"><img loading=\"lazy\" decoding=\"async\" width=\"1080\" height=\"1620\" src=\"https:\/\/www.icpgroup.cz\/wp-content\/uploads\/2025\/10\/9P8B8219-final-web.jpg\" class=\"attachment-full size-full wp-post-image\" alt=\"\" srcset=\"https:\/\/www.icpgroup.cz\/wp-content\/uploads\/2025\/10\/9P8B8219-final-web.jpg 1080w, https:\/\/www.icpgroup.cz\/wp-content\/uploads\/2025\/10\/9P8B8219-final-web-200x300.jpg 200w, https:\/\/www.icpgroup.cz\/wp-content\/uploads\/2025\/10\/9P8B8219-final-web-683x1024.jpg 683w, https:\/\/www.icpgroup.cz\/wp-content\/uploads\/2025\/10\/9P8B8219-final-web-768x1152.jpg 768w, https:\/\/www.icpgroup.cz\/wp-content\/uploads\/2025\/10\/9P8B8219-final-web-1024x1536.jpg 1024w\" sizes=\"auto, (max-width: 1080px) 100vw, 1080px\" \/><\/div><div class=\"team__txt\"><h3>Petr Mac<\/h3><p>CFO<\/p><\/div><\/a><\/div><div class=\"team__item\"><a href=\"https:\/\/www.icpgroup.cz\/en\/osoba\/david-bartonek\/\" class=\"team__box\"><div class=\"team__fig\"><img loading=\"lazy\" decoding=\"async\" width=\"1200\" height=\"1800\" src=\"https:\/\/www.icpgroup.cz\/wp-content\/uploads\/2024\/07\/David-Bartonek_MTF_8740-1.jpg\" class=\"attachment-full size-full wp-post-image\" alt=\"David Bartone\u030ck\" srcset=\"https:\/\/www.icpgroup.cz\/wp-content\/uploads\/2024\/07\/David-Bartonek_MTF_8740-1.jpg 1200w, https:\/\/www.icpgroup.cz\/wp-content\/uploads\/2024\/07\/David-Bartonek_MTF_8740-1-200x300.jpg 200w, https:\/\/www.icpgroup.cz\/wp-content\/uploads\/2024\/07\/David-Bartonek_MTF_8740-1-683x1024.jpg 683w, https:\/\/www.icpgroup.cz\/wp-content\/uploads\/2024\/07\/David-Bartonek_MTF_8740-1-768x1152.jpg 768w, https:\/\/www.icpgroup.cz\/wp-content\/uploads\/2024\/07\/David-Bartonek_MTF_8740-1-1024x1536.jpg 1024w\" sizes=\"auto, (max-width: 1200px) 100vw, 1200px\" \/><\/div><div class=\"team__txt\"><h3>David Barton\u011bk<\/h3><p>Development Manager<\/p><\/div><\/a><\/div><div class=\"team__item\"><a href=\"https:\/\/www.icpgroup.cz\/en\/osoba\/kristyna-grycova\/\" class=\"team__box\"><div class=\"team__fig\"><img loading=\"lazy\" decoding=\"async\" width=\"1709\" height=\"2560\" src=\"https:\/\/www.icpgroup.cz\/wp-content\/uploads\/2024\/12\/Kristyna-Grycova_MTF_1425-scaled.jpg\" class=\"attachment-full size-full wp-post-image\" alt=\"Kristy\u0301na Grycova\u0301\" srcset=\"https:\/\/www.icpgroup.cz\/wp-content\/uploads\/2024\/12\/Kristyna-Grycova_MTF_1425-scaled.jpg 1709w, https:\/\/www.icpgroup.cz\/wp-content\/uploads\/2024\/12\/Kristyna-Grycova_MTF_1425-200x300.jpg 200w, https:\/\/www.icpgroup.cz\/wp-content\/uploads\/2024\/12\/Kristyna-Grycova_MTF_1425-683x1024.jpg 683w, https:\/\/www.icpgroup.cz\/wp-content\/uploads\/2024\/12\/Kristyna-Grycova_MTF_1425-768x1151.jpg 768w, https:\/\/www.icpgroup.cz\/wp-content\/uploads\/2024\/12\/Kristyna-Grycova_MTF_1425-1025x1536.jpg 1025w, https:\/\/www.icpgroup.cz\/wp-content\/uploads\/2024\/12\/Kristyna-Grycova_MTF_1425-1367x2048.jpg 1367w\" sizes=\"auto, (max-width: 1709px) 100vw, 1709px\" \/><\/div><div class=\"team__txt\"><h3>Krist\u00fdna Grycov\u00e1<\/h3><p>Project Manager<\/p><\/div><\/a><\/div><div class=\"team__item\"><a href=\"https:\/\/www.icpgroup.cz\/en\/osoba\/petr-giovagnoni\/\" class=\"team__box\"><div class=\"team__fig\"><img loading=\"lazy\" decoding=\"async\" width=\"1707\" height=\"2560\" src=\"https:\/\/www.icpgroup.cz\/wp-content\/uploads\/2025\/01\/Petr-Giovagnoni_MTF_8630-scaled.jpg\" class=\"attachment-full size-full wp-post-image\" alt=\"Petr Giovagnoni\" srcset=\"https:\/\/www.icpgroup.cz\/wp-content\/uploads\/2025\/01\/Petr-Giovagnoni_MTF_8630-scaled.jpg 1707w, https:\/\/www.icpgroup.cz\/wp-content\/uploads\/2025\/01\/Petr-Giovagnoni_MTF_8630-200x300.jpg 200w, https:\/\/www.icpgroup.cz\/wp-content\/uploads\/2025\/01\/Petr-Giovagnoni_MTF_8630-683x1024.jpg 683w, https:\/\/www.icpgroup.cz\/wp-content\/uploads\/2025\/01\/Petr-Giovagnoni_MTF_8630-768x1152.jpg 768w, https:\/\/www.icpgroup.cz\/wp-content\/uploads\/2025\/01\/Petr-Giovagnoni_MTF_8630-1024x1536.jpg 1024w, https:\/\/www.icpgroup.cz\/wp-content\/uploads\/2025\/01\/Petr-Giovagnoni_MTF_8630-1366x2048.jpg 1366w\" sizes=\"auto, (max-width: 1707px) 100vw, 1707px\" \/><\/div><div class=\"team__txt\"><h3>Petr Giovagnoni<\/h3><p>Project Manager<\/p><\/div><\/a><\/div><div class=\"team__item\"><a href=\"https:\/\/www.icpgroup.cz\/en\/osoba\/anna-kiiashko\/\" class=\"team__box\"><div class=\"team__fig\"><img loading=\"lazy\" decoding=\"async\" width=\"1709\" height=\"2560\" src=\"https:\/\/www.icpgroup.cz\/wp-content\/uploads\/2024\/12\/Anna-Kiiashko_MTF_4287-scaled.jpg\" class=\"attachment-full size-full wp-post-image\" alt=\"Anna Kiiashko\" srcset=\"https:\/\/www.icpgroup.cz\/wp-content\/uploads\/2024\/12\/Anna-Kiiashko_MTF_4287-scaled.jpg 1709w, https:\/\/www.icpgroup.cz\/wp-content\/uploads\/2024\/12\/Anna-Kiiashko_MTF_4287-200x300.jpg 200w, https:\/\/www.icpgroup.cz\/wp-content\/uploads\/2024\/12\/Anna-Kiiashko_MTF_4287-683x1024.jpg 683w, https:\/\/www.icpgroup.cz\/wp-content\/uploads\/2024\/12\/Anna-Kiiashko_MTF_4287-768x1151.jpg 768w, https:\/\/www.icpgroup.cz\/wp-content\/uploads\/2024\/12\/Anna-Kiiashko_MTF_4287-1025x1536.jpg 1025w, https:\/\/www.icpgroup.cz\/wp-content\/uploads\/2024\/12\/Anna-Kiiashko_MTF_4287-1367x2048.jpg 1367w\" sizes=\"auto, (max-width: 1709px) 100vw, 1709px\" \/><\/div><div class=\"team__txt\"><h3>Anna Kiiashko<\/h3><p>Finance Manager<\/p><\/div><\/a><\/div><div class=\"team__item\"><a href=\"https:\/\/www.icpgroup.cz\/en\/osoba\/marcel-hrosovsky\/\" class=\"team__box\"><div class=\"team__fig\"><img loading=\"lazy\" decoding=\"async\" width=\"1708\" height=\"2560\" src=\"https:\/\/www.icpgroup.cz\/wp-content\/uploads\/2024\/12\/Marcel-Hrosovsky_MTF_1419-scaled.jpg\" class=\"attachment-full size-full wp-post-image\" alt=\"\" srcset=\"https:\/\/www.icpgroup.cz\/wp-content\/uploads\/2024\/12\/Marcel-Hrosovsky_MTF_1419-scaled.jpg 1708w, https:\/\/www.icpgroup.cz\/wp-content\/uploads\/2024\/12\/Marcel-Hrosovsky_MTF_1419-200x300.jpg 200w, https:\/\/www.icpgroup.cz\/wp-content\/uploads\/2024\/12\/Marcel-Hrosovsky_MTF_1419-683x1024.jpg 683w, https:\/\/www.icpgroup.cz\/wp-content\/uploads\/2024\/12\/Marcel-Hrosovsky_MTF_1419-768x1151.jpg 768w, https:\/\/www.icpgroup.cz\/wp-content\/uploads\/2024\/12\/Marcel-Hrosovsky_MTF_1419-1025x1536.jpg 1025w, https:\/\/www.icpgroup.cz\/wp-content\/uploads\/2024\/12\/Marcel-Hrosovsky_MTF_1419-1367x2048.jpg 1367w\" sizes=\"auto, (max-width: 1708px) 100vw, 1708px\" \/><\/div><div class=\"team__txt\"><h3>Marcel Hro\u0161ovsk\u00fd<\/h3><p>Senior Investment Analyst<\/p><\/div><\/a><\/div><\/div>\n<\/div>\n<\/div>\n\n\n\n<div class=\"team\">\n<div class=\"team__section\">\n<div class=\"team__header\">\n<h2 class=\"wp-block-heading\">SERVICES &amp; ACCOUNTING<\/h2>\n<\/div>\n\n\n<div class=\"team__list\"><div class=\"team__item\"><a href=\"https:\/\/www.icpgroup.cz\/en\/osoba\/eliska-cizinska\/\" class=\"team__box\"><div class=\"team__fig\"><img loading=\"lazy\" decoding=\"async\" width=\"1080\" height=\"1620\" src=\"https:\/\/www.icpgroup.cz\/wp-content\/uploads\/2025\/10\/9P8B8188-final-web.jpg\" class=\"attachment-full size-full wp-post-image\" alt=\"\" srcset=\"https:\/\/www.icpgroup.cz\/wp-content\/uploads\/2025\/10\/9P8B8188-final-web.jpg 1080w, https:\/\/www.icpgroup.cz\/wp-content\/uploads\/2025\/10\/9P8B8188-final-web-200x300.jpg 200w, https:\/\/www.icpgroup.cz\/wp-content\/uploads\/2025\/10\/9P8B8188-final-web-683x1024.jpg 683w, https:\/\/www.icpgroup.cz\/wp-content\/uploads\/2025\/10\/9P8B8188-final-web-768x1152.jpg 768w, https:\/\/www.icpgroup.cz\/wp-content\/uploads\/2025\/10\/9P8B8188-final-web-1024x1536.jpg 1024w\" sizes=\"auto, (max-width: 1080px) 100vw, 1080px\" \/><\/div><div class=\"team__txt\"><h3>Eli\u0161ka \u010ci\u017einsk\u00e1<\/h3><p>Junior Team Support<\/p><\/div><\/a><\/div><\/div>\n<\/div>\n<\/div>\n\n\n\n<div class=\"divider\"><\/div>\n\n\n\n<div class=\"partners\">\n<div class=\"partners__section\">\n<div class=\"partners__header\">\n<h3 class=\"wp-block-heading\">OUR PARTNERS<\/h3>\n<\/div>\n\n\n\n<div class=\"partners__main\">\n<div class=\"partners__info\">\n<p>We are ready to provide you with comprehensive legal services through our sister company, DBK Partners, a law firm consistently ranked among the top in the Czech Republic since 2015.<\/p>\n<\/div>\n\n\n\n<div class=\"partners__list\">\n<ul class=\"reset\" id=\"\">\n<li class=\"\">\n<figure class=\"wp-block-image size-full is-resized\"><a href=\"https:\/\/indexinvest.com\/\" target=\"_blank\" rel=\" noreferrer noopener\"><img loading=\"lazy\" decoding=\"async\" width=\"251\" height=\"112\" src=\"https:\/\/www.icpgroup.cz\/wp-content\/uploads\/2024\/07\/index-invest.png\" alt=\"\" class=\"wp-image-159\" style=\"width:143px\" srcset=\"https:\/\/www.icpgroup.cz\/wp-content\/uploads\/2024\/07\/index-invest.png 251w, https:\/\/www.icpgroup.cz\/wp-content\/uploads\/2024\/07\/index-invest-248x112.png 248w\" sizes=\"auto, (max-width: 251px) 100vw, 251px\" \/><\/a><\/figure>\n<\/li>\n\n\n\n<li class=\"\">\n<figure class=\"wp-block-image size-full is-resized\"><a href=\"https:\/\/www.dbkp.cz\/\" target=\"_blank\" rel=\" noreferrer noopener\"><img loading=\"lazy\" decoding=\"async\" width=\"237\" height=\"99\" src=\"https:\/\/www.icpgroup.cz\/wp-content\/uploads\/2024\/07\/dbk-partners.png\" alt=\"\" class=\"wp-image-168\" style=\"width:143px\"\/><\/a><\/figure>\n<\/li>\n\n\n\n<li class=\"\">\n<figure class=\"wp-block-image size-full is-resized\"><a href=\"http:\/\/www.thtax.cz\/cs\/\" target=\"_blank\" rel=\" noreferrer noopener\"><img loading=\"lazy\" decoding=\"async\" width=\"286\" height=\"77\" src=\"https:\/\/www.icpgroup.cz\/wp-content\/uploads\/2024\/07\/th-tax.png\" alt=\"\" class=\"wp-image-176\" style=\"width:143px\"\/><\/a><\/figure>\n<\/li>\n\n\n\n<li class=\"\">\n<figure class=\"wp-block-image size-full is-resized\"><a href=\"https:\/\/www.rehmann.com\"><img loading=\"lazy\" decoding=\"async\" width=\"311\" height=\"67\" src=\"https:\/\/www.icpgroup.cz\/wp-content\/uploads\/2025\/01\/rehmenn_logo.png\" alt=\"rehmann_logo\" class=\"wp-image-963\" style=\"width:143px\" srcset=\"https:\/\/www.icpgroup.cz\/wp-content\/uploads\/2025\/01\/rehmenn_logo.png 311w, https:\/\/www.icpgroup.cz\/wp-content\/uploads\/2025\/01\/rehmenn_logo-300x65.png 300w\" sizes=\"auto, (max-width: 311px) 100vw, 311px\" \/><\/a><\/figure>\n<\/li>\n\n\n\n<li class=\"\">\n<figure class=\"wp-block-image size-full is-resized\"><img loading=\"lazy\" decoding=\"async\" width=\"324\" height=\"67\" src=\"https:\/\/www.icpgroup.cz\/wp-content\/uploads\/2024\/07\/tambone.png\" alt=\"\" class=\"wp-image-174\" style=\"width:143px\" srcset=\"https:\/\/www.icpgroup.cz\/wp-content\/uploads\/2024\/07\/tambone.png 324w, https:\/\/www.icpgroup.cz\/wp-content\/uploads\/2024\/07\/tambone-300x62.png 300w\" sizes=\"auto, (max-width: 324px) 100vw, 324px\" \/><\/figure>\n<\/li>\n\n\n\n<li class=\"\">\n<figure class=\"wp-block-image size-full is-resized\"><a href=\"https:\/\/www.loxia.cz\"><img loading=\"lazy\" decoding=\"async\" width=\"311\" height=\"67\" src=\"https:\/\/www.icpgroup.cz\/wp-content\/uploads\/2025\/01\/loxia_logo-1.png\" alt=\"loxia_logo\" class=\"wp-image-961\" style=\"width:95px\" srcset=\"https:\/\/www.icpgroup.cz\/wp-content\/uploads\/2025\/01\/loxia_logo-1.png 311w, https:\/\/www.icpgroup.cz\/wp-content\/uploads\/2025\/01\/loxia_logo-1-300x65.png 300w\" sizes=\"auto, (max-width: 311px) 100vw, 311px\" \/><\/a><\/figure>\n<\/li>\n\n\n\n<li class=\"\">\n<figure class=\"wp-block-image size-full is-resized\"><a href=\"https:\/\/konsit.cz\"><img loading=\"lazy\" decoding=\"async\" width=\"311\" height=\"67\" src=\"https:\/\/www.icpgroup.cz\/wp-content\/uploads\/2025\/01\/konsit_logo-1.png\" alt=\"konsit_logo\" class=\"wp-image-967\" style=\"width:95px\" srcset=\"https:\/\/www.icpgroup.cz\/wp-content\/uploads\/2025\/01\/konsit_logo-1.png 311w, https:\/\/www.icpgroup.cz\/wp-content\/uploads\/2025\/01\/konsit_logo-1-300x65.png 300w\" sizes=\"auto, (max-width: 311px) 100vw, 311px\" \/><\/a><\/figure>\n<\/li>\n\n\n\n<li class=\"\">\n<figure class=\"wp-block-image size-full is-resized\"><a href=\"https:\/\/assetspecialists.com\/\" target=\"_blank\" rel=\" noreferrer noopener\"><img loading=\"lazy\" decoding=\"async\" width=\"341\" height=\"84\" src=\"https:\/\/www.icpgroup.cz\/wp-content\/uploads\/2024\/07\/asset-specialists.png\" alt=\"\" class=\"wp-image-165\" style=\"width:143px\" srcset=\"https:\/\/www.icpgroup.cz\/wp-content\/uploads\/2024\/07\/asset-specialists.png 341w, https:\/\/www.icpgroup.cz\/wp-content\/uploads\/2024\/07\/asset-specialists-300x74.png 300w\" sizes=\"auto, (max-width: 341px) 100vw, 341px\" \/><\/a><\/figure>\n<\/li>\n\n\n\n<li class=\"\">\n<figure class=\"wp-block-image size-full is-resized\"><a href=\"https:\/\/www.mathisonwhittles.com\/\" target=\"_blank\" rel=\" noreferrer noopener\"><img loading=\"lazy\" decoding=\"async\" width=\"163\" height=\"85\" src=\"https:\/\/www.icpgroup.cz\/wp-content\/uploads\/2024\/07\/mw.png\" alt=\"\" class=\"wp-image-172\" style=\"width:81px\"\/><\/a><\/figure>\n<\/li>\n\n\n\n<figure class=\"wp-block-image size-full\"><a href=\"https:\/\/nasonyeager.com\/\"><img loading=\"lazy\" decoding=\"async\" width=\"188\" height=\"48\" src=\"https:\/\/www.icpgroup.cz\/wp-content\/uploads\/2025\/01\/FB-Link-Preview-removebg-preview-1.png\" alt=\"\" class=\"wp-image-1014\"\/><\/a><\/figure>\n<\/ul>\n<\/div>\n<\/div>\n<\/div>\n<\/div>\n","protected":false},"excerpt":{"rendered":"","protected":false},"author":1,"featured_media":0,"parent":0,"menu_order":0,"comment_status":"closed","ping_status":"closed","template":"","meta":{"_acf_changed":false,"inline_featured_image":false,"footnotes":""},"class_list":["post-825","page","type-page","status-publish","hentry"],"acf":[],"_links":{"self":[{"href":"https:\/\/www.icpgroup.cz\/en\/wp-json\/wp\/v2\/pages\/825","targetHints":{"allow":["GET"]}}],"collection":[{"href":"https:\/\/www.icpgroup.cz\/en\/wp-json\/wp\/v2\/pages"}],"about":[{"href":"https:\/\/www.icpgroup.cz\/en\/wp-json\/wp\/v2\/types\/page"}],"author":[{"embeddable":true,"href":"https:\/\/www.icpgroup.cz\/en\/wp-json\/wp\/v2\/users\/1"}],"replies":[{"embeddable":true,"href":"https:\/\/www.icpgroup.cz\/en\/wp-json\/wp\/v2\/comments?post=825"}],"version-history":[{"count":11,"href":"https:\/\/www.icpgroup.cz\/en\/wp-json\/wp\/v2\/pages\/825\/revisions"}],"predecessor-version":[{"id":1017,"href":"https:\/\/www.icpgroup.cz\/en\/wp-json\/wp\/v2\/pages\/825\/revisions\/1017"}],"wp:attachment":[{"href":"https:\/\/www.icpgroup.cz\/en\/wp-json\/wp\/v2\/media?parent=825"}],"curies":[{"name":"wp","href":"https:\/\/api.w.org\/{rel}","templated":true}]}}