{"id":797,"date":"2024-07-10T06:40:17","date_gmt":"2024-07-10T04:40:17","guid":{"rendered":"https:\/\/www.icpgroup.cz\/fakturacni-udaje\/"},"modified":"2024-07-10T06:40:17","modified_gmt":"2024-07-10T04:40:17","slug":"fakturacni-udaje","status":"publish","type":"page","link":"https:\/\/www.icpgroup.cz\/en\/fakturacni-udaje\/","title":{"rendered":"Faktura\u010dn\u00ed \u00fadaje"},"content":{"rendered":"\n<div class=\"hero\">\n<div class=\"hero__section\">\n<h1 class=\"wp-block-heading\">Faktura\u010dn\u00ed \u00fadaje<\/h1>\n<\/div>\n<\/div>\n\n\n\n<div class=\"article\">\n<div class=\"article__section\">\n<h2 class=\"wp-block-heading\">ICP CAPITAL PARTNERS A.S.<\/h2>\n\n\n\n<p>Vinohradsk\u00e1 938\/37<br>120 00 Praha 2<\/p>\n\n\n\n<p>I\u010cO: 01731882<br>DI\u010c: CZ01731882<\/p>\n\n\n\n<p>Spole\u010dnost je zapsan\u00e1 pod spisovou zna\u010dkou B&nbsp;19159 veden\u00e9 u&nbsp;M\u011bstsk\u00e9ho soudu v&nbsp;Praze.<\/p>\n<\/div>\n<\/div>\n","protected":false},"excerpt":{"rendered":"","protected":false},"author":1,"featured_media":0,"parent":0,"menu_order":0,"comment_status":"closed","ping_status":"closed","template":"","meta":{"_acf_changed":false,"inline_featured_image":false,"footnotes":""},"class_list":["post-797","page","type-page","status-publish","hentry"],"acf":[],"_links":{"self":[{"href":"https:\/\/www.icpgroup.cz\/en\/wp-json\/wp\/v2\/pages\/797","targetHints":{"allow":["GET"]}}],"collection":[{"href":"https:\/\/www.icpgroup.cz\/en\/wp-json\/wp\/v2\/pages"}],"about":[{"href":"https:\/\/www.icpgroup.cz\/en\/wp-json\/wp\/v2\/types\/page"}],"author":[{"embeddable":true,"href":"https:\/\/www.icpgroup.cz\/en\/wp-json\/wp\/v2\/users\/1"}],"replies":[{"embeddable":true,"href":"https:\/\/www.icpgroup.cz\/en\/wp-json\/wp\/v2\/comments?post=797"}],"version-history":[{"count":0,"href":"https:\/\/www.icpgroup.cz\/en\/wp-json\/wp\/v2\/pages\/797\/revisions"}],"wp:attachment":[{"href":"https:\/\/www.icpgroup.cz\/en\/wp-json\/wp\/v2\/media?parent=797"}],"curies":[{"name":"wp","href":"https:\/\/api.w.org\/{rel}","templated":true}]}}